{"id":10,"date":"2026-04-24T12:05:51","date_gmt":"2026-04-24T12:05:51","guid":{"rendered":"https:\/\/www.ownaa.fi\/?page_id=10"},"modified":"2026-04-25T12:24:47","modified_gmt":"2026-04-25T12:24:47","slug":"10-2","status":"publish","type":"page","link":"https:\/\/www.ownaa.fi\/","title":{"rendered":"Ownaa.fi"},"content":{"rendered":"<p>[et_pb_section fb_built=&#8221;1&#8243; fullwidth=&#8221;on&#8221; _builder_version=&#8221;4.24.0&#8243; _module_preset=&#8221;default&#8221; background_enable_color=&#8221;off&#8221; background_image=&#8221;https:\/\/www.ownaa.fi\/wp-content\/uploads\/2026\/04\/Ownaa_banneri.jpg&#8221; hover_enabled=&#8221;0&#8243; global_colors_info=&#8221;{}&#8221; title_text=&#8221;Ownaa_banneri&#8221; sticky_enabled=&#8221;0&#8243;][et_pb_fullwidth_header title=&#8221;%91o-ta\u00a0 hal-tuun%93\u00a0&#8221; subhead=&#8221;TULOSSA KES\u00c4N 2026 ALUSSA UUSI VERKKOPALVELU NUORTEN TUEKSI.&#8221; header_fullscreen=&#8221;on&#8221; logo_image_url=&#8221;https:\/\/www.ownaa.fi\/wp-content\/uploads\/2026\/04\/Ownaa_valk.png&#8221; _builder_version=&#8221;4.24.0&#8243; _module_preset=&#8221;default&#8221; background_enable_color=&#8221;off&#8221; hover_enabled=&#8221;0&#8243; global_colors_info=&#8221;{}&#8221; sticky_enabled=&#8221;0&#8243; title_text=&#8221;Ownaa_valk&#8221;][\/et_pb_fullwidth_header][\/et_pb_section][et_pb_section fb_built=&#8221;1&#8243; _builder_version=&#8221;4.24.0&#8243; _module_preset=&#8221;default&#8221; global_colors_info=&#8221;{}&#8221; custom_padding=&#8221;||6px|||&#8221;][et_pb_row _builder_version=&#8221;4.24.0&#8243; _module_preset=&#8221;default&#8221; hover_enabled=&#8221;0&#8243; global_colors_info=&#8221;{}&#8221; sticky_enabled=&#8221;0&#8243;][et_pb_column type=&#8221;4_4&#8243; _builder_version=&#8221;4.24.0&#8243; _module_preset=&#8221;default&#8221; global_colors_info=&#8221;{}&#8221;][et_pb_heading title=&#8221;Kiva, kun tulit k\u00e4ym\u00e4\u00e4n ownaa.fi-osoitteessa&#8221; _builder_version=&#8221;4.24.0&#8243; _module_preset=&#8221;default&#8221; title_text_align=&#8221;center&#8221; hover_enabled=&#8221;0&#8243; global_colors_info=&#8221;{}&#8221; sticky_enabled=&#8221;0&#8243;][\/et_pb_heading][et_pb_text _builder_version=&#8221;4.24.0&#8243; _module_preset=&#8221;default&#8221; hover_enabled=&#8221;0&#8243; global_colors_info=&#8221;{}&#8221; sticky_enabled=&#8221;0&#8243;]<\/p>\n<p class=\"Normaali\">Kes\u00e4n 2026 alussa tullaan t\u00e4h\u00e4n osoitteeseen avaamaan ownaa.fi- verkkopalvelu 13-25-vuotiaille nuorille, joilla on haasteita oppimisen, motivaation ja oman tavoitteen l\u00f6yt\u00e4misen kanssa. <o:p><\/o:p><\/p>\n<p class=\"Normaali\">\n<p class=\"Normaali\">T\u00e4\u00e4lt\u00e4 tulet l\u00f6yt\u00e4m\u00e4\u00e4n konkreettista tukea, materiaalia ja vinkkej\u00e4 opiskeluun, tavoitteen asettamiseen ja motivaatioon selke\u00e4sti esitettyn\u00e4.<\/p>\n<p class=\"Normaali\" style=\"text-align: center;\">\n<p class=\"Normaali\">Verkkokauppaan tulee:<\/p>\n<ul>\n<li class=\"Normaali\">Ladattavaksi ilmaista ja edullisesti hinnoiteltua opiskelumateriaalia<\/li>\n<li class=\"Normaali\">Ostettavaksi henkil\u00f6kohtaista opetusta tai tukea<\/li>\n<li class=\"Normaali\">Koulutusta ja kursseja<\/li>\n<li class=\"Normaali\">Kannatustuotteita, joilla voi tukea verkkopalvelun rakentamista ja kehitt\u00e4mist\u00e4.<o:p><\/o:p><\/li>\n<\/ul>\n<p class=\"Normaali\">\n<p class=\"Normaali\"><o:p>\u00a0<\/o:p><\/p>\n<h2 class=\"Normaali\" style=\"text-align: center;\">Jos olet opettaja, valmentaja tai toimit nuorten tukena,<\/h2>\n<h3 class=\"Normaali\" style=\"text-align: center;\">liity ensimm\u00e4isten joukossa mukaan materiaalin tuottajaksi.<\/h3>\n<h3 class=\"Normaali\" style=\"text-align: center;\">Tienaa osaamisellasi tai laita hyv\u00e4 kiert\u00e4m\u00e4\u00e4n \u2013 valinta on sinun.<\/h3>\n<p>&nbsp;<\/p>\n<p>ownaa.fi-verkkopalvelun toiminta-ajatus on koota yhteen osoitteeseen nuorten tarvitsemia konkreettisia opiskeluja helpottavia vinkkej\u00e4 ja materiaaleja: tiivistelmi\u00e4, videoita, powerpoint-esityksi\u00e4.<\/p>\n<p>Verkkopalvelu tarjoaa my\u00f6s opettajille ja valmentajille paikan tarjota nuorille yksityisopetusta ja valmennusta esim. verokortilla toteutettuna.<\/p>\n<p>Ota yhteytt\u00e4 ja l\u00e4hde joukkoomme kehitt\u00e4m\u00e4\u00e4n verkkopalvelua p. <a href=\"tel:0505955948\">050 5955 948<\/a> I <a href=\"mailto:elina.jacklin@sentra.fi\">elina.jacklin@sentra.fi<\/a><\/p>\n<p>[\/et_pb_text][\/et_pb_column][\/et_pb_row][\/et_pb_section][et_pb_section fb_built=&#8221;1&#8243; _builder_version=&#8221;4.24.0&#8243; _module_preset=&#8221;default&#8221; global_colors_info=&#8221;{}&#8221; custom_margin=&#8221;||-64px|||&#8221; custom_padding=&#8221;10px|||||&#8221;][et_pb_row column_structure=&#8221;1_2,1_2&#8243; _builder_version=&#8221;4.24.0&#8243; _module_preset=&#8221;default&#8221; global_colors_info=&#8221;{}&#8221;][et_pb_column type=&#8221;1_2&#8243; _builder_version=&#8221;4.24.0&#8243; _module_preset=&#8221;default&#8221; global_colors_info=&#8221;{}&#8221;][et_pb_image src=&#8221;https:\/\/www.ownaa.fi\/wp-content\/uploads\/2026\/04\/huppari.jpg&#8221; title_text=&#8221;huppari&#8221; _builder_version=&#8221;4.24.0&#8243; _module_preset=&#8221;default&#8221; global_colors_info=&#8221;{}&#8221;][\/et_pb_image][\/et_pb_column][et_pb_column type=&#8221;1_2&#8243; _builder_version=&#8221;4.24.0&#8243; _module_preset=&#8221;default&#8221; global_colors_info=&#8221;{}&#8221;][et_pb_heading title=&#8221;Tue ownaa.fi-verkkopalvelun perustamista &#8211; tilaa laadukas huppari!&#8221; _builder_version=&#8221;4.24.0&#8243; _module_preset=&#8221;default&#8221; global_colors_info=&#8221;{}&#8221;][\/et_pb_heading][et_pb_text _builder_version=&#8221;4.24.0&#8243; _module_preset=&#8221;default&#8221; hover_enabled=&#8221;0&#8243; global_colors_info=&#8221;{}&#8221; sticky_enabled=&#8221;0&#8243;]<\/p>\n<ul>\n<li>Pehme\u00e4, laadukas kangas &#8211; hupparia voidaan pest\u00e4 paljon ilman, ett\u00e4 se nyppyyntyy<\/li>\n<li>Unisex-mallinen<\/li>\n<li>Hupussa kiristysny\u00f6ri, edess\u00e4 iso tasku<\/li>\n<li>Helmassa ja hihansuissa joustava resori<\/li>\n<li class=\"Normaali\">Valitse haluamasi v\u00e4ri useasta eri vaihtoehdosta\u00a0<\/li>\n<li class=\"Normaali\">Ownaan moderni merkki painetaan aina mustalla<o:p><\/o:p><\/li>\n<li class=\"Normaali\">Hupparit painatetaan tilausten mukaan kuukausittain<o:p><\/o:p><\/li>\n<\/ul>\n<p class=\"Normaali\" style=\"text-align: left;\"><span style=\"font-size: x-large;\"><strong>Hinta 60 \u20ac<\/strong><\/span><o:p><\/o:p><\/p>\n<p class=\"Normaali\" style=\"text-align: left;\">Katso linkist\u00e4 saatavissa olevat v\u00e4rit ja hupparin mittataulukko.<o:p><\/o:p><\/p>\n<p class=\"Normaali\" style=\"text-align: left;\"><strong>Tilaa laittamalla viesti: <\/strong><strong>p. 050 5955 948<\/strong><o:p><\/o:p><\/p>\n<p class=\"Normaali\">\n<p>[\/et_pb_text][et_pb_button button_url=&#8221;https:\/\/www.ownaa.fi\/wp-content\/uploads\/2026\/04\/Collace-huppari-2.pdf&#8221; url_new_window=&#8221;on&#8221; button_text=&#8221;Katso tarkemmat tiedot&#8221; _builder_version=&#8221;4.24.0&#8243; _module_preset=&#8221;default&#8221; custom_button=&#8221;on&#8221; button_text_color=&#8221;#FFFFFF&#8221; button_bg_color=&#8221;#0c39ce&#8221; button_border_color=&#8221;RGBA(255,255,255,0)&#8221; button_border_radius=&#8221;16px&#8221; background_layout=&#8221;dark&#8221; hover_enabled=&#8221;0&#8243; global_colors_info=&#8221;{}&#8221; sticky_enabled=&#8221;0&#8243; button_alignment=&#8221;left&#8221;][\/et_pb_button][\/et_pb_column][\/et_pb_row][\/et_pb_section][et_pb_section fb_built=&#8221;1&#8243; _builder_version=&#8221;4.24.0&#8243; _module_preset=&#8221;default&#8221; global_colors_info=&#8221;{}&#8221; custom_padding=&#8221;7px|||||&#8221;][et_pb_row column_structure=&#8221;2_3,1_3&#8243; _builder_version=&#8221;4.24.0&#8243; _module_preset=&#8221;default&#8221; global_colors_info=&#8221;{}&#8221;][et_pb_column type=&#8221;2_3&#8243; _builder_version=&#8221;4.24.0&#8243; _module_preset=&#8221;default&#8221; global_colors_info=&#8221;{}&#8221;][et_pb_heading title=&#8221;Vai tykk\u00e4\u00e4tk\u00f6 enemm\u00e4n tavallisesta collagepaidasta?&#8221; _builder_version=&#8221;4.24.0&#8243; _module_preset=&#8221;default&#8221; global_colors_info=&#8221;{}&#8221;][\/et_pb_heading][et_pb_text _builder_version=&#8221;4.24.0&#8243; _module_preset=&#8221;default&#8221; global_colors_info=&#8221;{}&#8221;]<\/p>\n<p class=\"Normaali\">Paita on samaa laadukasta materiaalia kuin huppari &#8211; vain huppu puuttuu.<o:p><\/o:p><\/p>\n<ul>\n<li class=\"Normaali\">Valitse haluamasi v\u00e4ri useasta eri vaihtoehdosta.<\/li>\n<li class=\"Normaali\">Ownaan moderni merkki painetaan aina mustalla.<o:p><\/o:p><\/li>\n<li class=\"Normaali\">Colleget painatetaan tilausten mukaan kuukausittain<\/li>\n<\/ul>\n<p class=\"Normaali\" style=\"text-align: left;\"><span style=\"font-size: x-large;\"><strong>Hinta 60 \u20ac<\/strong><\/span><o:p><\/o:p><\/p>\n<p class=\"Normaali\" style=\"text-align: left;\">Katso linkist\u00e4 saatavissa olevat v\u00e4rit ja collegen mittataulukko.<o:p><\/o:p><\/p>\n<p class=\"Normaali\" style=\"text-align: left;\"><strong>Tilaa laittamalla viesti <\/strong><strong>p. 050 5955 948<\/strong><o:p><\/o:p><\/p>\n<p class=\"Normaali\">\n<p>[\/et_pb_text][et_pb_button button_url=&#8221;https:\/\/www.ownaa.fi\/wp-content\/uploads\/2026\/04\/collage-paita-2.pdf&#8221; url_new_window=&#8221;on&#8221; button_text=&#8221;Katso tiedot&#8221; _builder_version=&#8221;4.24.0&#8243; _module_preset=&#8221;default&#8221; custom_button=&#8221;on&#8221; button_text_color=&#8221;#FFFFFF&#8221; button_bg_color=&#8221;#0c39ce&#8221; button_border_color=&#8221;RGBA(255,255,255,0)&#8221; button_border_radius=&#8221;16px&#8221; background_layout=&#8221;dark&#8221; hover_enabled=&#8221;0&#8243; global_colors_info=&#8221;{}&#8221; button_alignment=&#8221;left&#8221; sticky_enabled=&#8221;0&#8243;][\/et_pb_button][\/et_pb_column][et_pb_column type=&#8221;1_3&#8243; _builder_version=&#8221;4.24.0&#8243; _module_preset=&#8221;default&#8221; global_colors_info=&#8221;{}&#8221;][et_pb_image src=&#8221;https:\/\/www.ownaa.fi\/wp-content\/uploads\/2026\/04\/Nayttokuva-2026-04-24-kello-20.06.21.png&#8221; title_text=&#8221;N\u00e4ytt\u00f6kuva 2026-04-24 kello 20.06.21&#8243; _builder_version=&#8221;4.24.0&#8243; _module_preset=&#8221;default&#8221; global_colors_info=&#8221;{}&#8221;][\/et_pb_image][\/et_pb_column][\/et_pb_row][\/et_pb_section][et_pb_section fb_built=&#8221;1&#8243; _builder_version=&#8221;4.24.0&#8243; _module_preset=&#8221;default&#8221; global_colors_info=&#8221;{}&#8221; custom_padding=&#8221;||14px|||&#8221;][et_pb_row column_structure=&#8221;1_2,1_2&#8243; _builder_version=&#8221;4.24.0&#8243; _module_preset=&#8221;default&#8221; global_colors_info=&#8221;{}&#8221; custom_margin=&#8221;-98px|auto||auto||&#8221;][et_pb_column type=&#8221;1_2&#8243; _builder_version=&#8221;4.24.0&#8243; _module_preset=&#8221;default&#8221; global_colors_info=&#8221;{}&#8221;][et_pb_image src=&#8221;https:\/\/www.ownaa.fi\/wp-content\/uploads\/2026\/04\/pullo.png&#8221; title_text=&#8221;pullo&#8221; force_fullwidth=&#8221;on&#8221; _builder_version=&#8221;4.24.0&#8243; _module_preset=&#8221;default&#8221; global_colors_info=&#8221;{}&#8221;][\/et_pb_image][\/et_pb_column][et_pb_column type=&#8221;1_2&#8243; _builder_version=&#8221;4.24.0&#8243; _module_preset=&#8221;default&#8221; global_colors_info=&#8221;{}&#8221;][et_pb_heading title=&#8221;Laadukas juomapullo&#8221; _builder_version=&#8221;4.24.0&#8243; _module_preset=&#8221;default&#8221; global_colors_info=&#8221;{}&#8221;][\/et_pb_heading][et_pb_text _builder_version=&#8221;4.24.0&#8243; _module_preset=&#8221;default&#8221; global_colors_info=&#8221;{}&#8221;]<\/p>\n<ul>\n<li class=\"Normaali\">Kovaa ja kest\u00e4v\u00e4\u00e4 <span>Tritan\u2122 muovia<\/span><\/li>\n<li class=\"Normaali\"><span>Ei haitallisia kemikaaleja (ei BPA:ta)<\/span><o:p><\/o:p><\/li>\n<li class=\"Normaali\">Materiaali l\u00e4p\u00e4isee valoa 30 %, joten n\u00e4et, kuinka paljon pullossa on viel\u00e4 juotavaa.<o:p><\/o:p><\/li>\n<li class=\"Normaali\">Tiivis korkki<\/li>\n<li class=\"Normaali\">Ilman korvausreik\u00e4,\u00a0 jonka ansiosta juominen helpoa<\/li>\n<li class=\"Normaali\">K\u00e4tev\u00e4 kantolenkki, joka asettuu kannen p\u00e4\u00e4lle huomaamattomasti, jos sit\u00e4 ei k\u00e4yt\u00e4.<o:p><\/o:p><\/li>\n<li class=\"Normaali\">750 ml<o:p><\/o:p><\/li>\n<li class=\"Normaali\">Ownaa-merkki <o:p><\/o:p><\/li>\n<\/ul>\n<p class=\"Normaali\"><span style=\"font-size: x-large;\"><strong>Hinta 20 \u20ac<\/strong><\/span><o:p><\/o:p><\/p>\n<p class=\"Normaali\"><strong>Tilaa laittamalla viesti p. 050 5955 948<\/strong><o:p><\/o:p><\/p>\n<p>[\/et_pb_text][et_pb_button button_url=&#8221;https:\/\/www.ownaa.fi\/wp-content\/uploads\/2026\/04\/pullo.pdf&#8221; url_new_window=&#8221;on&#8221; button_text=&#8221;Katso lis\u00e4tiedot&#8221; _builder_version=&#8221;4.24.0&#8243; _module_preset=&#8221;default&#8221; custom_button=&#8221;on&#8221; button_text_color=&#8221;#FFFFFF&#8221; button_bg_color=&#8221;#0c39ce&#8221; button_border_color=&#8221;RGBA(255,255,255,0)&#8221; button_border_radius=&#8221;16px&#8221; background_layout=&#8221;dark&#8221; hover_enabled=&#8221;0&#8243; global_colors_info=&#8221;{}&#8221; sticky_enabled=&#8221;0&#8243;][\/et_pb_button][\/et_pb_column][\/et_pb_row][\/et_pb_section][et_pb_section fb_built=&#8221;1&#8243; _builder_version=&#8221;4.24.0&#8243; _module_preset=&#8221;default&#8221; global_colors_info=&#8221;{}&#8221; custom_margin=&#8221;4px|||||&#8221; custom_padding=&#8221;15px|||||&#8221;][et_pb_row _builder_version=&#8221;4.24.0&#8243; _module_preset=&#8221;default&#8221; global_colors_info=&#8221;{}&#8221;][et_pb_column type=&#8221;4_4&#8243; _builder_version=&#8221;4.24.0&#8243; _module_preset=&#8221;default&#8221; global_colors_info=&#8221;{}&#8221;][et_pb_heading title=&#8221;T\u00c4LT\u00c4 SE TULEE N\u00c4YTT\u00c4M\u00c4\u00c4N &#8211; MALTA VIEL\u00c4 HETKI!&#8221; _builder_version=&#8221;4.24.0&#8243; _module_preset=&#8221;default&#8221; title_text_align=&#8221;center&#8221; hover_enabled=&#8221;0&#8243; global_colors_info=&#8221;{}&#8221; sticky_enabled=&#8221;0&#8243;][\/et_pb_heading][et_pb_text _builder_version=&#8221;4.24.0&#8243; _module_preset=&#8221;default&#8221; hover_enabled=&#8221;0&#8243; global_colors_info=&#8221;{}&#8221; sticky_enabled=&#8221;0&#8243;]<\/p>\n<p class=\"Normaali\" style=\"text-align: center;\">Alla kuvakaappaus sivuston verkkokauppa-osiosta.<\/p>\n<p class=\"Normaali\" style=\"text-align: center;\">T\u00e4m\u00e4n lis\u00e4ksi sivustolta tulee l\u00f6ytym\u00e4\u00e4n opiskeluvinkkej\u00e4, tietoa tavoitteen t\u00e4rkeydest\u00e4 ja miten motivaatiota, voi l\u00f6yt\u00e4\u00e4.<o:p><\/o:p><\/p>\n<p>[\/et_pb_text][et_pb_image src=&#8221;https:\/\/www.ownaa.fi\/wp-content\/uploads\/2026\/04\/verkkokauppa-malli-kopio2.png&#8221; title_text=&#8221;verkkokauppa malli kopio2&#8243; _builder_version=&#8221;4.24.0&#8243; _module_preset=&#8221;default&#8221; global_colors_info=&#8221;{}&#8221;][\/et_pb_image][et_pb_text _builder_version=&#8221;4.24.0&#8243; _module_preset=&#8221;default&#8221; global_colors_info=&#8221;{}&#8221;]<\/p>\n<p class=\"Normaali\"><span style=\"font-size: x-large;\"><strong><\/strong><\/span><\/p>\n<p class=\"Normaali\"><span style=\"font-size: x-large;\"><strong><\/strong><\/span><\/p>\n<p class=\"Normaali\"><span style=\"font-size: x-large;\"><strong><\/strong><\/span><\/p>\n<h2 class=\"Normaali\"><span style=\"font-size: x-large;\">Tue palvelun rakentamista ostamalla kannatustuote (huppari, college tai juomapullo), mainospaikka sivustolta tai tule mukaan sis\u00e4ll\u00f6n tuottajaksi!<\/span><\/h2>\n<p class=\"Normaali\">\n<p class=\"Normaali\">\n<p class=\"Normaali\">Nuoruus on haastavampaa kuin aikaisemmin. Keskittymis- ja oppimisvaikeudet ovat lis\u00e4\u00e4ntyneet viime vuosina.<\/p>\n<p class=\"Normaali\">Kannetaan yhdess\u00e4 vastuuta nuoristamme, sill\u00e4 yhteiskunta tarvitsee heid\u00e4t kaikki ty\u00f6el\u00e4m\u00e4\u00e4n. <o:p><\/o:p><\/p>\n<p class=\"Normaali\">Haluan uskoa, ett\u00e4 voimme yhdess\u00e4 mahdollistaa t\u00e4m\u00e4n uudenlaisen palvelun nuorille.\u00a0<o:p><\/o:p><\/p>\n<p class=\"Normaali\">\n<p class=\"Normaali\">Ota yhteytt\u00e4 ja kysy lis\u00e4\u00e4: p. 050 5955 948 I <a href=\"mailto:elina.jacklin@sentra.fi\">elina.jacklin@sentra.fi<\/a><o:p><\/o:p><\/p>\n<p>[\/et_pb_text][\/et_pb_column][\/et_pb_row][\/et_pb_section][et_pb_section fb_built=&#8221;1&#8243; fullwidth=&#8221;on&#8221; _builder_version=&#8221;4.24.0&#8243; _module_preset=&#8221;default&#8221; global_colors_info=&#8221;{}&#8221;][et_pb_fullwidth_image src=&#8221;https:\/\/www.ownaa.fi\/wp-content\/uploads\/2026\/04\/Ownaa_Footer1.jpg&#8221; title_text=&#8221;Ownaa_Footer1&#8243; _builder_version=&#8221;4.24.0&#8243; _module_preset=&#8221;default&#8221; hover_enabled=&#8221;0&#8243; global_colors_info=&#8221;{}&#8221; sticky_enabled=&#8221;0&#8243;][\/et_pb_fullwidth_image][\/et_pb_section]<\/p>\n","protected":false},"excerpt":{"rendered":"<p>Kes\u00e4n 2026 alussa tullaan t\u00e4h\u00e4n osoitteeseen avaamaan ownaa.fi- verkkopalvelu 13-25-vuotiaille nuorille, joilla on haasteita oppimisen, motivaation ja oman tavoitteen l\u00f6yt\u00e4misen kanssa. T\u00e4\u00e4lt\u00e4 tulet l\u00f6yt\u00e4m\u00e4\u00e4n konkreettista tukea, materiaalia ja vinkkej\u00e4 opiskeluun, tavoitteen asettamiseen ja motivaatioon selke\u00e4sti esitettyn\u00e4. Verkkokauppaan tulee: Ladattavaksi ilmaista ja edullisesti hinnoiteltua opiskelumateriaalia Ostettavaksi henkil\u00f6kohtaista opetusta tai tukea Koulutusta ja kursseja Kannatustuotteita, joilla voi [&hellip;]<\/p>\n","protected":false},"author":1,"featured_media":0,"parent":0,"menu_order":0,"comment_status":"closed","ping_status":"closed","template":"","meta":{"_et_pb_use_builder":"on","_et_pb_old_content":"","_et_gb_content_width":"","footnotes":""},"class_list":["post-10","page","type-page","status-publish","hentry"],"_links":{"self":[{"href":"https:\/\/www.ownaa.fi\/index.php?rest_route=\/wp\/v2\/pages\/10","targetHints":{"allow":["GET"]}}],"collection":[{"href":"https:\/\/www.ownaa.fi\/index.php?rest_route=\/wp\/v2\/pages"}],"about":[{"href":"https:\/\/www.ownaa.fi\/index.php?rest_route=\/wp\/v2\/types\/page"}],"author":[{"embeddable":true,"href":"https:\/\/www.ownaa.fi\/index.php?rest_route=\/wp\/v2\/users\/1"}],"replies":[{"embeddable":true,"href":"https:\/\/www.ownaa.fi\/index.php?rest_route=%2Fwp%2Fv2%2Fcomments&post=10"}],"version-history":[{"count":19,"href":"https:\/\/www.ownaa.fi\/index.php?rest_route=\/wp\/v2\/pages\/10\/revisions"}],"predecessor-version":[{"id":71,"href":"https:\/\/www.ownaa.fi\/index.php?rest_route=\/wp\/v2\/pages\/10\/revisions\/71"}],"wp:attachment":[{"href":"https:\/\/www.ownaa.fi\/index.php?rest_route=%2Fwp%2Fv2%2Fmedia&parent=10"}],"curies":[{"name":"wp","href":"https:\/\/api.w.org\/{rel}","templated":true}]}}